{"id":858,"date":"2022-03-04T14:28:39","date_gmt":"2022-03-04T14:28:39","guid":{"rendered":"https:\/\/demo.creativethemes.com\/stagingtwo\/?page_id=858"},"modified":"2024-03-12T12:39:16","modified_gmt":"2024-03-12T11:39:16","slug":"home-2","status":"publish","type":"page","link":"https:\/\/teritzhof.digbizmistelbach.info\/teiritzhof\/","title":{"rendered":""},"content":{"rendered":"\n<div class=\"wp-block-stackable-columns alignfull stk-block-columns stk-block stk-cf247fd stk-block-background stk--has-background-overlay\" data-block-id=\"cf247fd\"><style>.stk-cf247fd{background-color:var(--theme-palette-color-4,#000000) !important;background-image:url(https:\/\/teritzhof.digbizmistelbach.info\/teiritzhof\/wp-content\/uploads\/2024\/02\/horse-4810484-scaled.jpg) !important;padding-top:390px !important;padding-right:35px !important;padding-bottom:340px !important;padding-left:35px !important;margin-bottom:0px !important}.stk-cf247fd:before{background-color:var(--theme-palette-color-4,#000000) !important;opacity:0.6 !important}@media screen and (max-width:1023px){.stk-cf247fd{padding-top:290px !important;padding-bottom:250px !important}}@media screen and (max-width:767px){.stk-cf247fd{padding-top:220px !important;padding-right:18px !important;padding-bottom:210px !important;padding-left:18px !important}}<\/style><div class=\"stk-row stk-inner-blocks has-text-align-center stk-block-content stk-content-align stk-cf247fd-column alignfull\">\n<div class=\"wp-block-stackable-column stk-block-column stk-column stk-block stk-1d93b9f\" data-v=\"4\" data-block-id=\"1d93b9f\"><style>.stk-1d93b9f-container{margin-top:0px !important;margin-right:0px !important;margin-bottom:0px !important;margin-left:0px !important}<\/style><div class=\"stk-column-wrapper stk-block-column__content stk-container stk-1d93b9f-container stk--no-background stk--no-padding\"><div class=\"stk-block-content stk-inner-blocks stk-1d93b9f-inner-blocks\"><\/div><\/div><\/div>\n<\/div><\/div>\n\n\n\n<div class=\"wp-block-stackable-columns stk-block-columns stk-block stk-c502d6f stk-block-background\" data-block-id=\"c502d6f\"><style>.stk-c502d6f{background-color:var(--theme-palette-color-8,#ffffff) !important;box-shadow:0px 20px 80px 0px rgba(193,199,212,0.25) !important;padding-top:90px !important;padding-right:35px !important;padding-bottom:90px !important;padding-left:35px !important;margin-top:-100px !important;margin-bottom:0px !important}.stk-c502d6f:before{background-color:var(--theme-palette-color-8,#ffffff) !important}@media screen and (max-width:767px){.stk-c502d6f{padding-top:55px !important;padding-right:25px !important;padding-bottom:40px !important;padding-left:25px !important;margin-top:-80px !important}}<\/style><div class=\"stk-row stk-inner-blocks has-text-align-center-mobile stk-block-content stk-content-align stk-c502d6f-column\">\n<div class=\"wp-block-stackable-column stk-block-column stk-column stk-block stk-6efc083\" data-v=\"4\" data-block-id=\"6efc083\"><style>.stk-6efc083-container{margin-top:0px !important;margin-right:0px !important;margin-bottom:0px !important;margin-left:0px !important}<\/style><div class=\"stk-column-wrapper stk-block-column__content stk-container stk-6efc083-container stk--no-background stk--no-padding\"><div class=\"stk-block-content stk-inner-blocks stk-6efc083-inner-blocks\">\n<div class=\"wp-block-stackable-icon stk-block-icon has-text-align-center stk-block stk-f95d48b\" data-block-id=\"f95d48b\"><style>.stk-f95d48b{margin-bottom:35px !important}.stk-f95d48b .stk--svg-wrapper .stk--inner-svg svg:last-child{height:67px !important;width:67px !important;opacity:0.6 !important}.stk-f95d48b .stk--svg-wrapper .stk--inner-svg svg:last-child,.stk-f95d48b .stk--svg-wrapper .stk--inner-svg svg:last-child :is(g,path,rect,polygon,ellipse){fill:var(--theme-palette-color-4,#000000) !important}@media screen and (max-width:767px){.stk-f95d48b{margin-bottom:50px !important}}<\/style><a class=\"stk-link\" href=\"#scroll-anchor\"><span class=\"stk--svg-wrapper\"><div class=\"stk--inner-svg\"><svg style=\"height:0;width:0\"><defs><linearGradient id=\"linear-gradient-f95d48b\" x1=\"0\" x2=\"100%\" y1=\"0\" y2=\"0\"><stop offset=\"0%\" style=\"stop-opacity:1;stop-color:var(--linear-gradient-f-95-d-48-b-color-1)\"><\/stop><stop offset=\"100%\" style=\"stop-opacity:1;stop-color:var(--linear-gradient-f-95-d-48-b-color-2)\"><\/stop><\/linearGradient><\/defs><\/svg><svg xmlns=\"http:\/\/www.w3.org\/2000\/svg\" viewBox=\"0 0 512 512\" aria-hidden=\"true\" width=\"32\" height=\"32\"><path d=\"M278.5 215.6L23 471c-9.4 9.4-9.4 24.6 0 33.9s24.6 9.4 33.9 0l57-57h68c49.7 0 97.9-14.4 139-41c11.1-7.2 5.5-23-7.8-23c-5.1 0-9.2-4.1-9.2-9.2c0-4.1 2.7-7.6 6.5-8.8l81-24.3c2.5-.8 4.8-2.1 6.7-4l22.4-22.4c10.1-10.1 2.9-27.3-11.3-27.3l-32.2 0c-5.1 0-9.2-4.1-9.2-9.2c0-4.1 2.7-7.6 6.5-8.8l112-33.6c4-1.2 7.4-3.9 9.3-7.7C506.4 207.6 512 184.1 512 160c0-41-16.3-80.3-45.3-109.3l-5.5-5.5C432.3 16.3 393 0 352 0s-80.3 16.3-109.3 45.3L139 149C91 197 64 262.1 64 330v55.3L253.6 195.8c6.2-6.2 16.4-6.2 22.6 0c5.4 5.4 6.1 13.6 2.2 19.8z\"><\/path><\/svg><\/div><\/span><\/a><\/div>\n\n\n\n<div class=\"wp-block-stackable-text stk-block-text stk-block stk-3ee9ddb\" data-block-id=\"3ee9ddb\"><style>.stk-3ee9ddb{max-width:750px !important;margin-right:auto !important;margin-left:auto !important}.stk-3ee9ddb .stk-block-text__text{color:var(--theme-palette-color-4,#000000) !important;line-height:2em !important;text-transform:uppercase !important;letter-spacing:1.3px !important}<\/style><p class=\"stk-block-text__text has-text-color has-palette-color-4-color has-text-align-center\">Erfolg ist eine treppe, keine t\u00fcre!<\/p><\/div>\n<\/div><\/div><\/div>\n<\/div><\/div>\n\n\n\n<div class=\"wp-block-stackable-columns alignfull stk-block-columns stk-block stk-da74f7e stk-block-background stk--has-background-overlay\" data-block-id=\"da74f7e\"><style>.stk-da74f7e .stk--block-align-da74f7e{align-items:flex-start !important}.stk-da74f7e{background-color:transparent !important;background-image:url(https:\/\/teritzhof.digbizmistelbach.info\/teiritzhof\/wp-content\/uploads\/2021\/07\/flower-decoration-3.svg) !important;background-position:bottom left !important;background-repeat:no-repeat !important;background-size:700px !important;padding-top:0px !important;padding-right:0px !important;padding-bottom:0px !important;padding-left:0px !important;margin-bottom:0px !important;overflow:visible !important}.stk-da74f7e:before{background-color:transparent !important;opacity:0.5 !important}.stk-da74f7e .stk-container{overflow:visible !important}.stk-da74f7e-column{--stk-column-gap:0px !important;row-gap:50px !important}@media screen and (max-width:1023px){.stk-da74f7e .stk--block-align-da74f7e{align-items:stretch !important}}<\/style><div class=\"stk-row stk-inner-blocks stk--block-align-da74f7e stk-block-content stk-content-align stk-da74f7e-column\">\n<div class=\"wp-block-stackable-column stk-block-column stk-column stk-block stk-74741f8\" data-v=\"4\" data-block-id=\"74741f8\"><style>.stk-74741f8-container{margin-top:0px !important;margin-right:0px !important;margin-bottom:0px !important;margin-left:0px !important}.stk-74741f8-inner-blocks{justify-content:center !important}.stk-74741f8{padding-top:70px !important;padding-right:50px !important}@media screen and (min-width:768px) and (max-width:1023px){.stk-74741f8{flex:0 1 calc(100% - var(--stk-column-gap,0px) * 0 \/ 1 ) !important}}@media screen and (max-width:1023px){.stk-74741f8{padding-top:0px !important;padding-right:0px !important}}<\/style><div class=\"stk-column-wrapper stk-block-column__content stk-container stk-74741f8-container stk--no-background stk--no-padding\"><div class=\"has-text-align-center-mobile stk--column-flex stk-block-content stk-inner-blocks stk-74741f8-inner-blocks\">\n<div class=\"wp-block-stackable-heading stk-block-heading stk-block-heading--v2 stk-block stk-d557764\" id=\"iris-murray\" data-block-id=\"d557764\"><style>.stk-d557764{margin-bottom:50px !important}.stk-d557764 .stk-block-heading__text{font-size:60px !important;font-weight:600 !important}@media screen and (max-width:1023px){.stk-d557764 .stk-block-heading__text{font-size:35px !important}}@media screen and (max-width:767px){.stk-d557764{margin-bottom:35px !important}.stk-d557764 .stk-block-heading__text{font-size:30px !important}}<\/style><h2 class=\"stk-block-heading__text has-text-align-center-tablet\">Iris Murray<\/h2><\/div>\n\n\n\n<p>Iris Murray, eine herausragende Springreiterin, die Talent und Erfolg in der Welt des Pferdesports verk\u00f6rperte. Mit beeindruckender Disziplin und Hingabe eroberte sie die H\u00f6hen des Springsports, angetrieben von ihrem unersch\u00fctterlichen Willen zum Erfolg.<\/p>\n\n\n\n<p>Ihr Weg zur Spitze des Reitsports war gepr\u00e4gt von intensivem Training und zielgerichteter Anstrengung. Auf ihrem Teiritzhof teilte sie als Trainerin nicht nur ihre wertvolle Erfahrung, sondern auch ihre Leidenschaft f\u00fcr den Sport. Ihre Sch\u00fclerinnen und Sch\u00fcler wurden von ihrer inspirierenden Pers\u00f6nlichkeit und ihrem Engagement f\u00fcr Exzellenz gepr\u00e4gt.<\/p>\n\n\n\n<p>Iris&#8216; Einfluss reichte \u00fcber den Sattel hinaus, da sie nicht nur als talentierte Reiterin, sondern auch als Mentorin und Unterst\u00fctzerin bekannt war. Der Teiritzhof wurde unter ihrer F\u00fchrung zu einem Ort des Wachstums und der Gemeinschaft, wo Pferd und Reiter zielstrebig trainieren konnten.<\/p>\n\n\n\n<p>Ihre Erfolge im Parcours werden in der Geschichte des Springreitens weiterleben, und ihr Erbe als Trainerin auf dem Teiritzhof wird ihre Sch\u00fctzlinge dazu inspirieren, ihre Tr\u00e4ume zu verfolgen. Iris Murray bleibt unvergessen als eine strahlende Pers\u00f6nlichkeit im Sattel und als willensstarke Lehrerin, die die Liebe zum Springsport weitertrug.<\/p>\n\n\n\n<p><\/p>\n\n\n\n<p><\/p>\n\n\n\n<p><\/p>\n<\/div><\/div><\/div>\n\n\n\n<div class=\"wp-block-stackable-column stk-block-column stk-column stk-block stk-e322734\" data-v=\"4\" data-block-id=\"e322734\"><style>.stk-e322734-container{margin-top:0px !important;margin-right:0px !important;margin-bottom:0px !important;margin-left:0px !important}.stk-e322734{padding-top:100px !important;z-index:2 !important}@media screen and (min-width:768px) and (max-width:1023px){.stk-e322734{flex:0 1 calc(50% - var(--stk-column-gap,0px) * 1 \/ 2 ) !important}}@media screen and (max-width:1023px){.stk-e322734{padding-top:0px !important}}<\/style><div class=\"stk-column-wrapper stk-block-column__content stk-container stk-e322734-container stk--no-background stk--no-padding\"><div class=\"stk-block-content stk-inner-blocks stk-e322734-inner-blocks\">\n<div class=\"wp-block-stackable-image stk-block-image stk-block stk-cd6731c\" data-block-id=\"cd6731c\"><style>.stk-cd6731c{margin-bottom:0px !important}.stk-cd6731c .stk-img-wrapper{width:100% !important;height:573px !important}<\/style><figure><span class=\"stk-img-wrapper stk-image--shape-stretch\"><img loading=\"lazy\" decoding=\"async\" class=\"stk-img wp-image-1146\" src=\"https:\/\/teritzhof.digbizmistelbach.info\/teiritzhof\/wp-content\/uploads\/2024\/01\/IMG_3635.jpg\" width=\"1600\" height=\"1065\" srcset=\"https:\/\/teritzhof.digbizmistelbach.info\/teiritzhof\/wp-content\/uploads\/2024\/01\/IMG_3635.jpg 1600w, https:\/\/teritzhof.digbizmistelbach.info\/teiritzhof\/wp-content\/uploads\/2024\/01\/IMG_3635-300x200.jpg 300w, https:\/\/teritzhof.digbizmistelbach.info\/teiritzhof\/wp-content\/uploads\/2024\/01\/IMG_3635-1024x682.jpg 1024w, https:\/\/teritzhof.digbizmistelbach.info\/teiritzhof\/wp-content\/uploads\/2024\/01\/IMG_3635-768x511.jpg 768w, https:\/\/teritzhof.digbizmistelbach.info\/teiritzhof\/wp-content\/uploads\/2024\/01\/IMG_3635-1536x1022.jpg 1536w, https:\/\/teritzhof.digbizmistelbach.info\/teiritzhof\/wp-content\/uploads\/2024\/01\/IMG_3635-930x620.jpg 930w\" sizes=\"auto, (max-width: 1600px) 100vw, 1600px\" \/><\/span><\/figure><\/div>\n<\/div><\/div><\/div>\n<\/div><\/div>\n\n\n\n<div class=\"wp-block-stackable-text stk-block-text stk-block stk-51da29d\" data-block-id=\"51da29d\"><p class=\"stk-block-text__text\"><\/p><\/div>\n\n\n\n<p><\/p>\n\n\n\n<div class=\"wp-block-stackable-text stk-block-text stk-block stk-cb51886\" data-block-id=\"cb51886\"><p class=\"stk-block-text__text\"><\/p><\/div>\n\n\n\n<p><\/p>\n\n\n\n<p><\/p>\n\n\n\n<div class=\"wp-block-stackable-text stk-block-text stk-block stk-0569ff5\" data-block-id=\"0569ff5\"><style>.stk-0569ff5 .stk-block-text__text{font-size:33px !important;letter-spacing:5.4px !important}@media screen and (max-width:1023px){.stk-0569ff5 .stk-block-text__text{font-size:33px !important}}<\/style><p class=\"stk-block-text__text\"> |Die Anlage<\/p><\/div>\n\n\n\n<p>Die Anlage bietet 35 gro\u00dfz\u00fcgige Paddockboxen und einen Offenstall f\u00fcr maximal 6 Pferde. Der 70 x 80 Meter gro\u00dfe Springplatz mit einer Vielzahl an Hindernissen bildet das Herzst\u00fcck der Anlage. Dar\u00fcber hinaus bietet die Anlage ein 20 x 60 m gro\u00dfes Dressurviereck und eine ebenfalls 20 x 60 m gro\u00dfe lichtdurchflutete Reithalle. Im Inneren der Schrittmaschine befindet sich die Longierhalle mit einem Durchmesser von 18 Metern. 6 Hektar Wiesenfl\u00e4che bietet den Pferden t\u00e4glichen Koppelgang, sofern die Wetterbedingungen es zulassen.<\/p>\n\n\n\n<p>Das Video gibt einen umfangreichen \u00dcberblick \u00fcber den wundersch\u00f6nen Teiritzhof, auf welchem sich Pferde und Reiter gleicherma\u00dfen wohl f\u00fchlen.<\/p>\n\n\n\n<p><\/p>\n\n\n\n<p><\/p>\n\n\n\n<p><\/p>\n\n\n\n<div class=\"wp-block-stackable-text stk-block-text stk-block stk-8243cef\" data-block-id=\"8243cef\"><style>.stk-8243cef{padding-top:0px !important;padding-right:0px !important;padding-bottom:0px !important;padding-left:0px !important;column-count:1 !important}.stk-8243cef .stk-block-text__text{font-size:33px !important;line-height:1.8em !important;letter-spacing:3.4px !important}@media screen and (max-width:1023px){.stk-8243cef .stk-block-text__text{font-size:33px !important}}<\/style><p class=\"stk-block-text__text\"> |Stall-Video<\/p><\/div>\n\n\n\n<figure class=\"wp-block-video\"><video height=\"1530\" style=\"aspect-ratio: 2720 \/ 1530;\" width=\"2720\" controls src=\"https:\/\/teritzhof.digbizmistelbach.info\/teiritzhof\/wp-content\/uploads\/2024\/02\/teiritzhof 1 (1).mp4\"><\/video><\/figure>\n\n\n\n<p><\/p>\n\n\n\n<p><\/p>\n\n\n\n<p><\/p>\n\n\n\n<p><\/p>\n\n\n\n<div class=\"wp-block-stackable-text stk-block-text stk-block stk-a960a6d\" data-block-id=\"a960a6d\"><style>.stk-a960a6d .stk-block-text__text{text-shadow:none !important;font-size:33px !important;line-height:2.3em !important;letter-spacing:2.7px !important}@media screen and (max-width:1023px){.stk-a960a6d .stk-block-text__text{font-size:33px !important}}<\/style><p class=\"stk-block-text__text\">|Galerie<\/p><\/div>\n\n\n\n<div class=\"wp-block-stackable-columns alignfull stk-block-columns stk-block stk-92e548e stk-block-background stk--has-background-overlay\" data-block-id=\"92e548e\"><style>.stk-92e548e{background-color:transparent !important;background-image:url(https:\/\/teritzhof.digbizmistelbach.info\/teiritzhof\/wp-content\/uploads\/2021\/07\/flower-decoration-1.svg) !important;background-position:top right !important;background-repeat:no-repeat !important;background-size:700px !important;padding-top:0px !important;padding-right:0px !important;padding-bottom:0px !important;padding-left:0px !important;margin-bottom:0px !important}.stk-92e548e:before{background-color:transparent !important;opacity:0.5 !important}@media screen and (max-width:767px){.stk-92e548e{background-position:top right !important;background-size:400px !important}}<\/style><div class=\"stk-row stk-inner-blocks stk-block-content stk-content-align stk-92e548e-column\">\n<div class=\"wp-block-stackable-column stk-block-column stk-column stk-block stk-930205f\" data-v=\"4\" data-block-id=\"930205f\"><style>.stk-930205f-container{margin-top:0px !important;margin-right:0px !important;margin-bottom:0px !important;margin-left:0px !important}<\/style><div class=\"stk-column-wrapper stk-block-column__content stk-container stk-930205f-container stk--no-background stk--no-padding\"><div class=\"stk-block-content stk-inner-blocks stk-930205f-inner-blocks\">\n<div class=\"wp-block-stackable-spacer stk-block-spacer stk--no-padding stk-block stk-d6f7a95\" data-block-id=\"d6f7a95\"><style>.stk-d6f7a95{height:0px !important}@media screen and (max-width:1023px){.stk-d6f7a95{height:50px !important}}<\/style><\/div>\n\n\n\n<p><\/p>\n\n\n\n<figure class=\"wp-block-gallery has-nested-images columns-default is-cropped wp-block-gallery-1 is-layout-flex wp-block-gallery-is-layout-flex\">\n<figure class=\"wp-block-image size-full\"><img loading=\"lazy\" decoding=\"async\" width=\"700\" height=\"523\" data-id=\"1118\" src=\"https:\/\/teritzhof.digbizmistelbach.info\/teiritzhof\/wp-content\/uploads\/2024\/01\/Iris-in-Heslinki-700x523-1.jpg\" alt=\"\" class=\"wp-image-1118\" srcset=\"https:\/\/teritzhof.digbizmistelbach.info\/teiritzhof\/wp-content\/uploads\/2024\/01\/Iris-in-Heslinki-700x523-1.jpg 700w, https:\/\/teritzhof.digbizmistelbach.info\/teiritzhof\/wp-content\/uploads\/2024\/01\/Iris-in-Heslinki-700x523-1-300x224.jpg 300w\" sizes=\"auto, (max-width: 700px) 100vw, 700px\" \/><\/figure>\n\n\n\n<figure class=\"wp-block-image size-full\"><img loading=\"lazy\" decoding=\"async\" width=\"544\" height=\"432\" data-id=\"1119\" src=\"https:\/\/teritzhof.digbizmistelbach.info\/teiritzhof\/wp-content\/uploads\/2024\/01\/iris-sieger-casino-grand-prix.jpg\" alt=\"\" class=\"wp-image-1119\" srcset=\"https:\/\/teritzhof.digbizmistelbach.info\/teiritzhof\/wp-content\/uploads\/2024\/01\/iris-sieger-casino-grand-prix.jpg 544w, https:\/\/teritzhof.digbizmistelbach.info\/teiritzhof\/wp-content\/uploads\/2024\/01\/iris-sieger-casino-grand-prix-300x238.jpg 300w\" sizes=\"auto, (max-width: 544px) 100vw, 544px\" \/><\/figure>\n\n\n\n<figure class=\"wp-block-image size-full\"><img loading=\"lazy\" decoding=\"async\" width=\"250\" height=\"177\" data-id=\"1147\" src=\"https:\/\/teritzhof.digbizmistelbach.info\/teiritzhof\/wp-content\/uploads\/2024\/01\/iris-arezzo-250x177-1.jpg\" alt=\"\" class=\"wp-image-1147\"\/><\/figure>\n\n\n\n<figure class=\"wp-block-image size-full\"><img loading=\"lazy\" decoding=\"async\" width=\"640\" height=\"454\" data-id=\"1120\" src=\"https:\/\/teritzhof.digbizmistelbach.info\/teiritzhof\/wp-content\/uploads\/2024\/01\/night-flight.jpg\" alt=\"\" class=\"wp-image-1120\" srcset=\"https:\/\/teritzhof.digbizmistelbach.info\/teiritzhof\/wp-content\/uploads\/2024\/01\/night-flight.jpg 640w, https:\/\/teritzhof.digbizmistelbach.info\/teiritzhof\/wp-content\/uploads\/2024\/01\/night-flight-300x213.jpg 300w\" sizes=\"auto, (max-width: 640px) 100vw, 640px\" \/><\/figure>\n\n\n\n<figure class=\"wp-block-image size-large\"><img loading=\"lazy\" decoding=\"async\" width=\"1024\" height=\"682\" data-id=\"1146\" src=\"https:\/\/teritzhof.digbizmistelbach.info\/teiritzhof\/wp-content\/uploads\/2024\/01\/IMG_3635-1024x682.jpg\" alt=\"\" class=\"wp-image-1146\" srcset=\"https:\/\/teritzhof.digbizmistelbach.info\/teiritzhof\/wp-content\/uploads\/2024\/01\/IMG_3635-1024x682.jpg 1024w, https:\/\/teritzhof.digbizmistelbach.info\/teiritzhof\/wp-content\/uploads\/2024\/01\/IMG_3635-300x200.jpg 300w, https:\/\/teritzhof.digbizmistelbach.info\/teiritzhof\/wp-content\/uploads\/2024\/01\/IMG_3635-768x511.jpg 768w, https:\/\/teritzhof.digbizmistelbach.info\/teiritzhof\/wp-content\/uploads\/2024\/01\/IMG_3635-1536x1022.jpg 1536w, https:\/\/teritzhof.digbizmistelbach.info\/teiritzhof\/wp-content\/uploads\/2024\/01\/IMG_3635-930x620.jpg 930w, https:\/\/teritzhof.digbizmistelbach.info\/teiritzhof\/wp-content\/uploads\/2024\/01\/IMG_3635.jpg 1600w\" sizes=\"auto, (max-width: 1024px) 100vw, 1024px\" \/><\/figure>\n<\/figure>\n<\/div><\/div><\/div>\n<\/div><\/div>\n","protected":false},"excerpt":{"rendered":"<p>Erfolg ist eine treppe, keine t\u00fcre! Iris Murray Iris Murray, eine herausragende Springreiterin, die Talent und Erfolg in der Welt des Pferdesports verk\u00f6rperte. Mit beeindruckender Disziplin und Hingabe eroberte sie die H\u00f6hen des Springsports, angetrieben von ihrem unersch\u00fctterlichen Willen zum Erfolg. Ihr Weg zur Spitze des Reitsports war gepr\u00e4gt von intensivem Training und zielgerichteter Anstrengung.&hellip;&nbsp;<a href=\"https:\/\/teritzhof.digbizmistelbach.info\/teiritzhof\/\" class=\"\" rel=\"bookmark\">Weiterlesen &raquo;<span class=\"screen-reader-text\"><\/span><\/a><\/p>\n","protected":false},"author":1,"featured_media":0,"parent":0,"menu_order":0,"comment_status":"closed","ping_status":"closed","template":"","meta":{"neve_meta_sidebar":"","neve_meta_container":"","neve_meta_enable_content_width":"","neve_meta_content_width":0,"neve_meta_title_alignment":"","neve_meta_author_avatar":"","neve_post_elements_order":"","neve_meta_disable_header":"","neve_meta_disable_footer":"","neve_meta_disable_title":"","pgc_sgb_lightbox_settings":"","footnotes":""},"class_list":["post-858","page","type-page","status-publish","hentry"],"featured_image_urls":{"full":"","thumbnail":"","medium":"","medium_large":"","large":"","1536x1536":"","2048x2048":"","neve-blog":""},"post_excerpt_stackable":"<p>Erfolg ist eine treppe, keine t\u00fcre! Iris Murray Iris Murray, eine herausragende Springreiterin, die Talent und Erfolg in der Welt des Pferdesports verk\u00f6rperte. Mit beeindruckender Disziplin und Hingabe eroberte sie die H\u00f6hen des Springsports, angetrieben von ihrem unersch\u00fctterlichen Willen zum Erfolg. Ihr Weg zur Spitze des Reitsports war gepr\u00e4gt von intensivem Training und zielgerichteter Anstrengung. Auf ihrem Teiritzhof teilte sie als Trainerin nicht nur ihre wertvolle Erfahrung, sondern auch ihre Leidenschaft f\u00fcr den Sport. Ihre Sch\u00fclerinnen und Sch\u00fcler wurden von ihrer inspirierenden Pers\u00f6nlichkeit und ihrem Engagement f\u00fcr Exzellenz gepr\u00e4gt. Iris&#8216; Einfluss reichte \u00fcber den Sattel hinaus, da sie nicht nur&hellip;<\/p>\n","category_list":"","author_info":{"name":"24_teritzhof","url":"https:\/\/teritzhof.digbizmistelbach.info\/teiritzhof\/author\/24_teritzhof\/"},"comments_num":"0 comments","_links":{"self":[{"href":"https:\/\/teritzhof.digbizmistelbach.info\/teiritzhof\/wp-json\/wp\/v2\/pages\/858","targetHints":{"allow":["GET"]}}],"collection":[{"href":"https:\/\/teritzhof.digbizmistelbach.info\/teiritzhof\/wp-json\/wp\/v2\/pages"}],"about":[{"href":"https:\/\/teritzhof.digbizmistelbach.info\/teiritzhof\/wp-json\/wp\/v2\/types\/page"}],"author":[{"embeddable":true,"href":"https:\/\/teritzhof.digbizmistelbach.info\/teiritzhof\/wp-json\/wp\/v2\/users\/1"}],"replies":[{"embeddable":true,"href":"https:\/\/teritzhof.digbizmistelbach.info\/teiritzhof\/wp-json\/wp\/v2\/comments?post=858"}],"version-history":[{"count":26,"href":"https:\/\/teritzhof.digbizmistelbach.info\/teiritzhof\/wp-json\/wp\/v2\/pages\/858\/revisions"}],"predecessor-version":[{"id":1402,"href":"https:\/\/teritzhof.digbizmistelbach.info\/teiritzhof\/wp-json\/wp\/v2\/pages\/858\/revisions\/1402"}],"wp:attachment":[{"href":"https:\/\/teritzhof.digbizmistelbach.info\/teiritzhof\/wp-json\/wp\/v2\/media?parent=858"}],"curies":[{"name":"wp","href":"https:\/\/api.w.org\/{rel}","templated":true}]}}