{"id":678,"date":"2022-03-01T08:50:00","date_gmt":"2022-03-01T08:50:00","guid":{"rendered":"https:\/\/demo.creativethemes.com\/stagingtwo\/?page_id=678"},"modified":"2024-03-12T12:21:22","modified_gmt":"2024-03-12T11:21:22","slug":"contact","status":"publish","type":"page","link":"https:\/\/teritzhof.digbizmistelbach.info\/teiritzhof\/contact\/","title":{"rendered":"Kontakt"},"content":{"rendered":"\n<p><\/p>\n\n\n\n<blockquote class=\"wp-block-stackable-blockquote stk-block-blockquote stk-block stk-fa53002 is-style-default\" data-v=\"2\" data-block-id=\"fa53002\"><div class=\"has-text-align-left stk-block-blockquote__content stk-container stk-fa53002-container stk-hover-parent\"><div class=\"stk-block-content stk-inner-blocks\">\n<div class=\"wp-block-stackable-icon stk-block-icon stk-block stk-1eab949\" data-block-id=\"1eab949\"><span class=\"stk--svg-wrapper\"><div class=\"stk--inner-svg\"><svg style=\"height:0;width:0\"><defs><linearGradient id=\"linear-gradient-1eab949\" x1=\"0\" x2=\"100%\" y1=\"0\" y2=\"0\"><stop offset=\"0%\" style=\"stop-opacity:1;stop-color:var(--linear-gradient-1-eab-949-color-1)\"><\/stop><stop offset=\"100%\" style=\"stop-opacity:1;stop-color:var(--linear-gradient-1-eab-949-color-2)\"><\/stop><\/linearGradient><\/defs><\/svg><svg xmlns=\"http:\/\/www.w3.org\/2000\/svg\" viewBox=\"0 0 50 50\" aria-hidden=\"true\" width=\"32\" height=\"32\"><path d=\"M19.8 9.3C10.5 11.8 4.6 17 2.1 24.8c2.3-3.6 5.6-5.4 9.9-5.4 3.3 0 6 1.1 8.3 3.3 2.2 2.2 3.4 5 3.4 8.3 0 3.2-1.1 5.8-3.3 8-2.2 2.2-5.1 3.2-8.7 3.2-3.7 0-6.5-1.2-8.6-3.5C1 36.3 0 33.1 0 29 0 18.3 6.5 11.2 19.6 7.9l.2 1.4zm26.4 0C36.9 11.9 31 17 28.5 24.8c2.2-3.6 5.5-5.4 9.8-5.4 3.2 0 6 1.1 8.3 3.2 2.3 2.2 3.4 4.9 3.4 8.3 0 3.1-1.1 5.8-3.3 7.9-2.2 2.2-5.1 3.3-8.6 3.3-3.7 0-6.6-1.1-8.6-3.4-2.1-2.3-3.1-5.5-3.1-9.7 0-10.7 6.6-17.8 19.7-21.1l.1 1.4z\"><\/path><\/svg><\/div><\/span><\/div>\n\n\n\n<div class=\"wp-block-stackable-text stk-block-text stk-block stk-85082a8\" data-block-id=\"85082a8\"><p class=\"stk-block-text__text\">F\u00fcr Fragen zu Verf\u00fcgbarkeiten von Einstellpl\u00e4tzen und generellen Anfragen steht Balazs Barnabas unter der folgenden Nummer gerne zur Verf\u00fcgung: +36 30 276 3325<br>&nbsp;<br>Den Reitclub Teiritzhof betreffende Themen oder Fragen k\u00f6nnen Sie gerne an Pia Jacobs unter der folgenden Mail-Adresse richten: <a href=\"mailto:reitclub@teiritzhof.at\">reitclub@teiritzhof.at<\/a><br>&nbsp;<br>Das Teiritzhof Team freut sich auf Ihre Kontaktaufnahme!<\/p><\/div>\n<\/div><\/div><\/blockquote>\n\n\n\n<p><\/p>\n\n\n\n<p><\/p>\n\n\n\n<p><\/p>\n\n\n\n<p><\/p>\n\n\n\n<p class=\"has-text-align-left\"><\/p>\n\n\n\n<div class=\"wp-block-stackable-columns stk-block-columns stk-block stk-b536dc7 stk-block-background animated fadeInDown\" data-block-id=\"b536dc7\"><style>.stk-b536dc7{background-color:var(--theme-palette-color-8,#ffffff) !important;box-shadow:0px 20px 80px 0px rgba(193,199,212,0.25) !important;padding-top:90px !important;padding-right:35px !important;padding-bottom:90px !important;padding-left:35px !important;margin-top:-100px !important;margin-bottom:0px !important}.stk-b536dc7:before{background-color:var(--theme-palette-color-8,#ffffff) !important}.stk-b536dc7-column{--stk-column-gap:35px !important;row-gap:35px !important}@media screen and (max-width:767px){.stk-b536dc7{padding-top:15% !important;padding-right:10% !important;padding-bottom:15% !important;padding-left:10% !important;margin-top:-80px !important}}<\/style><div class=\"stk-row stk-inner-blocks stk-block-content stk-content-align stk-b536dc7-column\">\n<div class=\"wp-block-stackable-column stk-block-column stk-column stk-block stk-c8c7b3b\" data-v=\"4\" data-block-id=\"c8c7b3b\"><style>.stk-c8c7b3b-container{margin-top:0px !important;margin-right:0px !important;margin-bottom:0px !important;margin-left:0px !important}<\/style><div class=\"stk-column-wrapper stk-block-column__content stk-container stk-c8c7b3b-container stk--no-background stk--no-padding\"><div class=\"has-text-align-center stk-block-content stk-inner-blocks stk-c8c7b3b-inner-blocks\">\n<div class=\"wp-block-stackable-image stk-block-image stk-block stk-ce21989\" data-block-id=\"ce21989\"><style>.stk-ce21989{margin-bottom:16px !important}.stk-ce21989 .stk-img-wrapper{width:40px !important}<\/style><figure><span class=\"stk-img-wrapper stk-image--shape-stretch\"><img loading=\"lazy\" decoding=\"async\" class=\"stk-img wp-image-535\" src=\"https:\/\/teritzhof.digbizmistelbach.info\/teiritzhof\/wp-content\/uploads\/2021\/07\/icon-pin.svg\" width=\"40\" height=\"300\"\/><\/span><\/figure><\/div>\n\n\n\n<div class=\"wp-block-stackable-heading stk-block-heading stk-block-heading--v2 stk-block stk-b33f874\" id=\"adresse\" data-block-id=\"b33f874\"><style>.stk-b33f874{margin-bottom:16px !important}.stk-b33f874 .stk-block-heading__text{font-size:20px !important;font-weight:800 !important}@media screen and (max-width:1023px){.stk-b33f874 .stk-block-heading__text{font-size:20px !important}}<\/style><h5 class=\"stk-block-heading__text\">Adresse<\/h5><\/div>\n\n\n\n<div class=\"wp-block-stackable-text stk-block-text stk-block stk-9fd81be\" data-block-id=\"9fd81be\"><style>.stk-9fd81be .stk-block-text__text{font-size:16px !important}@media screen and (max-width:1023px){.stk-9fd81be .stk-block-text__text{font-size:16px !important}}<\/style><p class=\"stk-block-text__text\"><a href=\"https:\/\/teritzhof.digbizmistelbach.info\/teiritzhof\/anfahrt\/\" data-type=\"page\" data-id=\"1224\">Bahnweg 1, 2100-Stetten, Austria<\/a><\/p><\/div>\n<\/div><\/div><\/div>\n\n\n\n<div class=\"wp-block-stackable-column stk-block-column stk-column stk-block stk-cdfd108\" data-v=\"4\" data-block-id=\"cdfd108\"><style>.stk-cdfd108-container{margin-top:0px !important;margin-right:0px !important;margin-bottom:0px !important;margin-left:0px !important}<\/style><div class=\"stk-column-wrapper stk-block-column__content stk-container stk-cdfd108-container stk--no-background stk--no-padding\"><div class=\"has-text-align-center stk-block-content stk-inner-blocks stk-cdfd108-inner-blocks\">\n<div class=\"wp-block-stackable-image stk-block-image stk-block stk-7d66949\" data-block-id=\"7d66949\"><style>.stk-7d66949{margin-bottom:16px !important}.stk-7d66949 .stk-img-wrapper{width:40px !important}<\/style><figure><span class=\"stk-img-wrapper stk-image--shape-stretch\"><img loading=\"lazy\" decoding=\"async\" class=\"stk-img wp-image-536\" src=\"https:\/\/teritzhof.digbizmistelbach.info\/teiritzhof\/wp-content\/uploads\/2021\/07\/icon-envelope.svg\" width=\"40\" height=\"300\"\/><\/span><\/figure><\/div>\n\n\n\n<div class=\"wp-block-stackable-heading stk-block-heading stk-block-heading--v2 stk-block stk-65e6609\" id=\"email\" data-block-id=\"65e6609\"><style>.stk-65e6609{margin-bottom:16px !important}.stk-65e6609 .stk-block-heading__text{font-size:20px !important;font-weight:800 !important}@media screen and (max-width:1023px){.stk-65e6609 .stk-block-heading__text{font-size:20px !important}}<\/style><h5 class=\"stk-block-heading__text\">Email <\/h5><\/div>\n\n\n\n<div class=\"wp-block-stackable-text stk-block-text stk-block stk-dc2c22f\" data-block-id=\"dc2c22f\"><style>.stk-dc2c22f .stk-block-text__text{font-size:16px !important}@media screen and (max-width:1023px){.stk-dc2c22f .stk-block-text__text{font-size:16px !important}}<\/style><p class=\"stk-block-text__text\">info@teiritzhof.com<\/p><\/div>\n<\/div><\/div><\/div>\n\n\n\n<div class=\"wp-block-stackable-column stk-block-column stk-column stk-block stk-9646b4d\" data-v=\"4\" data-block-id=\"9646b4d\"><style>.stk-9646b4d-container{margin-top:0px !important;margin-right:0px !important;margin-bottom:0px !important;margin-left:0px !important}<\/style><div class=\"stk-column-wrapper stk-block-column__content stk-container stk-9646b4d-container stk--no-background stk--no-padding\"><div class=\"has-text-align-center stk-block-content stk-inner-blocks stk-9646b4d-inner-blocks\">\n<div class=\"wp-block-stackable-image stk-block-image stk-block stk-1ed4f0e\" data-block-id=\"1ed4f0e\"><style>.stk-1ed4f0e{margin-bottom:16px !important}.stk-1ed4f0e .stk-img-wrapper{width:40px !important}<\/style><figure><span class=\"stk-img-wrapper stk-image--shape-stretch\"><img loading=\"lazy\" decoding=\"async\" class=\"stk-img wp-image-537\" src=\"https:\/\/teritzhof.digbizmistelbach.info\/teiritzhof\/wp-content\/uploads\/2021\/07\/icon-phone.svg\" width=\"40\" height=\"300\"\/><\/span><\/figure><\/div>\n\n\n\n<div class=\"wp-block-stackable-heading stk-block-heading stk-block-heading--v2 stk-block stk-43b0b49\" id=\"tefefon\" data-block-id=\"43b0b49\"><style>.stk-43b0b49{margin-bottom:16px !important}.stk-43b0b49 .stk-block-heading__text{font-size:20px !important;font-weight:800 !important}@media screen and (max-width:1023px){.stk-43b0b49 .stk-block-heading__text{font-size:20px !important}}<\/style><h5 class=\"stk-block-heading__text\">Tefefon<\/h5><\/div>\n\n\n\n<div class=\"wp-block-stackable-text stk-block-text stk-block stk-3d09c82\" data-block-id=\"3d09c82\"><style>.stk-3d09c82 .stk-block-text__text{font-size:16px !important}@media screen and (max-width:1023px){.stk-3d09c82 .stk-block-text__text{font-size:16px !important}}<\/style><p class=\"stk-block-text__text\">+43 680-2184-264<\/p><\/div>\n<\/div><\/div><\/div>\n<\/div><\/div>\n","protected":false},"excerpt":{"rendered":"<p>F\u00fcr Fragen zu Verf\u00fcgbarkeiten von Einstellpl\u00e4tzen und generellen Anfragen steht Balazs Barnabas unter der folgenden Nummer gerne zur Verf\u00fcgung: +36 30 276 3325&nbsp;Den Reitclub Teiritzhof betreffende Themen oder Fragen k\u00f6nnen Sie gerne an Pia Jacobs unter der folgenden Mail-Adresse richten: reitclub@teiritzhof.at&nbsp;Das Teiritzhof Team freut sich auf Ihre Kontaktaufnahme! Adresse Bahnweg 1, 2100-Stetten, Austria Email info@teiritzhof.com&hellip;&nbsp;<a href=\"https:\/\/teritzhof.digbizmistelbach.info\/teiritzhof\/contact\/\" class=\"\" rel=\"bookmark\">Weiterlesen &raquo;<span class=\"screen-reader-text\">Kontakt<\/span><\/a><\/p>\n","protected":false},"author":1,"featured_media":0,"parent":0,"menu_order":0,"comment_status":"closed","ping_status":"closed","template":"","meta":{"neve_meta_sidebar":"","neve_meta_container":"","neve_meta_enable_content_width":"","neve_meta_content_width":0,"neve_meta_title_alignment":"","neve_meta_author_avatar":"","neve_post_elements_order":"","neve_meta_disable_header":"","neve_meta_disable_footer":"","neve_meta_disable_title":"","pgc_sgb_lightbox_settings":"","footnotes":""},"class_list":["post-678","page","type-page","status-publish","hentry"],"featured_image_urls":{"full":"","thumbnail":"","medium":"","medium_large":"","large":"","1536x1536":"","2048x2048":"","neve-blog":""},"post_excerpt_stackable":"<p>F\u00fcr Fragen zu Verf\u00fcgbarkeiten von Einstellpl\u00e4tzen und generellen Anfragen steht Balazs Barnabas unter der folgenden Nummer gerne zur Verf\u00fcgung: +36 30 276 3325&nbsp;Den Reitclub Teiritzhof betreffende Themen oder Fragen k\u00f6nnen Sie gerne an Pia Jacobs unter der folgenden Mail-Adresse richten: reitclub@teiritzhof.at&nbsp;Das Teiritzhof Team freut sich auf Ihre Kontaktaufnahme! Adresse Bahnweg 1, 2100-Stetten, Austria Email info@teiritzhof.com Tefefon +43 680-2184-264<\/p>\n","category_list":"","author_info":{"name":"24_teritzhof","url":"https:\/\/teritzhof.digbizmistelbach.info\/teiritzhof\/author\/24_teritzhof\/"},"comments_num":"0 comments","_links":{"self":[{"href":"https:\/\/teritzhof.digbizmistelbach.info\/teiritzhof\/wp-json\/wp\/v2\/pages\/678","targetHints":{"allow":["GET"]}}],"collection":[{"href":"https:\/\/teritzhof.digbizmistelbach.info\/teiritzhof\/wp-json\/wp\/v2\/pages"}],"about":[{"href":"https:\/\/teritzhof.digbizmistelbach.info\/teiritzhof\/wp-json\/wp\/v2\/types\/page"}],"author":[{"embeddable":true,"href":"https:\/\/teritzhof.digbizmistelbach.info\/teiritzhof\/wp-json\/wp\/v2\/users\/1"}],"replies":[{"embeddable":true,"href":"https:\/\/teritzhof.digbizmistelbach.info\/teiritzhof\/wp-json\/wp\/v2\/comments?post=678"}],"version-history":[{"count":14,"href":"https:\/\/teritzhof.digbizmistelbach.info\/teiritzhof\/wp-json\/wp\/v2\/pages\/678\/revisions"}],"predecessor-version":[{"id":1392,"href":"https:\/\/teritzhof.digbizmistelbach.info\/teiritzhof\/wp-json\/wp\/v2\/pages\/678\/revisions\/1392"}],"wp:attachment":[{"href":"https:\/\/teritzhof.digbizmistelbach.info\/teiritzhof\/wp-json\/wp\/v2\/media?parent=678"}],"curies":[{"name":"wp","href":"https:\/\/api.w.org\/{rel}","templated":true}]}}