{"id":1335,"date":"2024-02-23T17:33:21","date_gmt":"2024-02-23T16:33:21","guid":{"rendered":"https:\/\/teritzhof.digbizmistelbach.info\/teiritzhof\/?page_id=1335"},"modified":"2024-02-23T19:51:24","modified_gmt":"2024-02-23T18:51:24","slug":"vorstand","status":"publish","type":"page","link":"https:\/\/teritzhof.digbizmistelbach.info\/teiritzhof\/vorstand\/","title":{"rendered":""},"content":{"rendered":"\n<p><\/p>\n\n\n\n<p><\/p>\n\n\n\n<div class=\"wp-block-group alignfull animated fadeInDown has-neve-text-color-color has-nv-site-bg-background-color has-text-color has-background has-link-color has-small-font-size wp-elements-aa8051414124222c4008e8426cc09dfa\" style=\"border-style:none;border-width:0px;padding-top:0;padding-bottom:0;letter-spacing:70px\"><div class=\"wp-block-group__inner-container is-layout-flow wp-block-group-is-layout-flow\">\n<div style=\"height:70px\" aria-hidden=\"true\" class=\"wp-block-spacer\"><\/div>\n\n\n\n<div class=\"wp-block-columns alignwide are-vertically-aligned-center is-layout-flex wp-container-core-columns-is-layout-9d6595d7 wp-block-columns-is-layout-flex\">\n<div class=\"wp-block-column is-layout-flow wp-block-column-is-layout-flow\" style=\"flex-basis:50%\">\n<p class=\"has-nv-dark-bg-color has-text-color\" style=\"font-size:40px;letter-spacing:9px;line-height:1.1\">Reitclub Teiritzhof<\/p>\n<\/div>\n\n\n\n<div class=\"wp-block-column has-nv-site-bg-color has-text-color has-link-color wp-elements-4dad4f02916a6e0e5cf1f934cb119db2 is-layout-flow wp-block-column-is-layout-flow\" style=\"flex-basis:50%\">\n<hr class=\"wp-block-separator has-text-color has-css-opacity has-background is-style-wide\" style=\"background-color:#000000;color:#000000\"\/>\n<\/div>\n<\/div>\n\n\n\n<div class=\"wp-block-columns alignwide is-layout-flex wp-container-core-columns-is-layout-9d6595d7 wp-block-columns-is-layout-flex\">\n<div class=\"wp-block-column is-layout-flow wp-block-column-is-layout-flow\">\n<figure class=\"wp-block-image size-full is-resized\"><img loading=\"lazy\" decoding=\"async\" width=\"620\" height=\"875\" src=\"https:\/\/teritzhof.digbizmistelbach.info\/teiritzhof\/wp-content\/uploads\/2024\/02\/group-of-children-30245.jpg\" alt=\"\" class=\"wp-image-1361\" style=\"width:296px;height:auto\" srcset=\"https:\/\/teritzhof.digbizmistelbach.info\/teiritzhof\/wp-content\/uploads\/2024\/02\/group-of-children-30245.jpg 620w, https:\/\/teritzhof.digbizmistelbach.info\/teiritzhof\/wp-content\/uploads\/2024\/02\/group-of-children-30245-213x300.jpg 213w\" sizes=\"auto, (max-width: 620px) 100vw, 620px\" \/><\/figure>\n<\/div>\n\n\n\n<div class=\"wp-block-column has-nv-dark-bg-color has-text-color has-link-color wp-elements-c8e4a3a816085f08d2a96f72bed996b9 is-layout-flow wp-block-column-is-layout-flow\" style=\"font-size:18px\">\n<p class=\"has-text-align-left has-nv-dark-bg-color has-text-color has-link-color wp-elements-aa1f95e924b3d3fe68315a77fe819532\" style=\"font-size:18px;letter-spacing:0px\"><strong>Willkommen im Reitclub Teiritzhof!<\/strong><br>Unser Reitverein bietet eine breite Palette von Reitm\u00f6glichkeiten f\u00fcr Reiter aller Altersgruppen und Erfahrungsstufen. Von Dressur bis Springreiten, von entspannten Ausritten bis hin zu aufregenden Turnieren \u2013 bei uns findest du die passende Aktivit\u00e4t, um deine Leidenschaft f\u00fcr Pferde zu leben.<br><br>Doch bei uns geht es nicht nur um das Reiten allein. Wir sind eine lebendige Gemeinschaft, die sich auf und neben dem Reitplatz unterst\u00fctzt und austauscht. Unsere Mitglieder teilen nicht nur ihre Liebe zu Pferden, sondern <\/p>\n\n\n\n<p class=\"has-link-color wp-elements-671676d991077c8c37b26ef495df05c9\" style=\"font-size:18px;letter-spacing:0px\"><\/p>\n<\/div>\n\n\n\n<div class=\"wp-block-column has-nv-site-bg-color has-text-color has-link-color wp-elements-dc35806a48f4cd3ee01c8ec280939f3d is-layout-flow wp-block-column-is-layout-flow\" style=\"font-size:18px\">\n<p><\/p>\n\n\n\n<div class=\"wp-block-stackable-text stk-block-text stk-block stk-50657af\" data-block-id=\"50657af\"><p class=\"stk-block-text__text\"><\/p><\/div>\n\n\n\n<p><\/p>\n\n\n\n<p class=\"has-nv-dark-bg-color has-text-color has-link-color wp-elements-eb6f5fb8eef96b5ac4911945c58d8846\" style=\"font-size:18px;letter-spacing:0px\">auch gemeinsame Interessen und Erlebnisse bei vielf\u00e4ltigen Aktivit\u00e4ten und Veranstaltungen. Unsere engagierten Trainer stehen dir zur Seite, um deine F\u00e4higkeiten zu verbessern und deine Ziele zu erreichen. Wir legen gro\u00dfen Wert auf den respektvollen Umgang mit unseren Pferden und f\u00f6rdern eine positive Atmosph\u00e4re, in der sich jeder willkommen und unterst\u00fctzt f\u00fchlt.<\/p>\n\n\n\n<p class=\"has-nv-dark-bg-color has-text-color has-link-color wp-elements-81601b63e2d6e66b4762dda32355d8f4\" style=\"font-size:18px;letter-spacing:0px\">Wir freuen uns darauf, dich bei uns willkommen zu hei\u00dfen und gemeinsam unvergessliche Momente zu erleben!<\/p>\n\n\n\n<p><\/p>\n<\/div>\n<\/div>\n\n\n\n<div style=\"height:40px\" aria-hidden=\"true\" class=\"wp-block-spacer\"><\/div>\n<\/div><\/div>\n\n\n\n<p><\/p>\n\n\n\n<p><\/p>\n\n\n\n<div class=\"wp-block-group animated fadeInUp\"><div class=\"wp-block-group__inner-container is-layout-flow wp-block-group-is-layout-flow\">\n<h2 class=\"wp-block-heading has-text-align-center\">Vorstand<\/h2>\n\n\n\n<hr class=\"wp-block-separator has-text-color has-neve-button-color-color has-css-opacity has-neve-button-color-background-color has-background is-style-default\"\/>\n\n\n\n<div class=\"wp-block-columns is-layout-flex wp-container-core-columns-is-layout-9d6595d7 wp-block-columns-is-layout-flex\">\n<div class=\"wp-block-column is-layout-flow wp-block-column-is-layout-flow\">\n<figure class=\"wp-block-image aligncenter is-resized\"><img decoding=\"async\" style=\"width: 80px; height: 80px;\" src=\"https:\/\/teritzhof.digbizmistelbach.info\/teiritzhof\/wp-content\/themes\/neve\/assets\/img\/patterns\/otter-blocks-img-03.png\" alt=\"\" \/><\/figure>\n\n\n\n<p class=\"has-text-align-center\">Werner Magyer<\/p>\n\n\n\n<p class=\"has-text-align-center\">Liebe Teammitglieder, euer Einsatz und eure Anpassungsf\u00e4higkeit sind unsere gr\u00f6\u00dften St\u00e4rken. Gemeinsam werden wir auch zuk\u00fcnftige Herausforderungen meistern. Danke f\u00fcr eure unerm\u00fcdliche Unterst\u00fctzung.<\/p>\n<\/div>\n\n\n\n<div class=\"wp-block-column is-layout-flow wp-block-column-is-layout-flow\"><div class=\"wp-block-image is-resized\">\n<figure class=\"aligncenter\"><img decoding=\"async\" src=\"https:\/\/teritzhof.digbizmistelbach.info\/teiritzhof\/wp-content\/themes\/neve\/assets\/img\/patterns\/otter-blocks-img-02.png\" alt=\"\" style=\"width:92px;height:auto\"\/><\/figure>\n<\/div>\n\n\n<p class=\"has-text-align-center\">Pia Jacobs<\/p>\n\n\n\n<p class=\"has-text-align-center\">Liebe Kolleginnen und Kollegen, euer Engagement ist unsere treibende Kraft. Gemeinsam sind wir unschlagbar. Danke f\u00fcr eure unerm\u00fcdliche Unterst\u00fctzung.<\/p>\n<\/div>\n\n\n\n<div class=\"wp-block-column is-layout-flow wp-block-column-is-layout-flow\"><div class=\"wp-block-image is-resized\">\n<figure class=\"aligncenter\"><img decoding=\"async\" src=\"https:\/\/teritzhof.digbizmistelbach.info\/teiritzhof\/wp-content\/themes\/neve\/assets\/img\/patterns\/otter-blocks-img-03.png\" alt=\"\" style=\"width:86px;height:auto\"\/><\/figure>\n<\/div>\n\n\n<p class=\"has-text-align-center\">Babara Koroll<\/p>\n\n\n\n<p class=\"has-text-align-center\">Liebes Team, eure Flexibilit\u00e4t und Entschlossenheit sind unser Antrieb. Gemeinsam schaffen wir Gro\u00dfes. Danke f\u00fcr eure unerm\u00fcdliche Hingabe.<\/p>\n<\/div>\n<\/div>\n<\/div><\/div>\n","protected":false},"excerpt":{"rendered":"<p>Reitclub Teiritzhof Willkommen im Reitclub Teiritzhof!Unser Reitverein bietet eine breite Palette von Reitm\u00f6glichkeiten f\u00fcr Reiter aller Altersgruppen und Erfahrungsstufen. Von Dressur bis Springreiten, von entspannten Ausritten bis hin zu aufregenden Turnieren \u2013 bei uns findest du die passende Aktivit\u00e4t, um deine Leidenschaft f\u00fcr Pferde zu leben. Doch bei uns geht es nicht nur um das&hellip;&nbsp;<a href=\"https:\/\/teritzhof.digbizmistelbach.info\/teiritzhof\/vorstand\/\" class=\"\" rel=\"bookmark\">Weiterlesen &raquo;<span class=\"screen-reader-text\"><\/span><\/a><\/p>\n","protected":false},"author":1,"featured_media":0,"parent":0,"menu_order":0,"comment_status":"closed","ping_status":"closed","template":"","meta":{"neve_meta_sidebar":"","neve_meta_container":"","neve_meta_enable_content_width":"","neve_meta_content_width":0,"neve_meta_title_alignment":"","neve_meta_author_avatar":"","neve_post_elements_order":"","neve_meta_disable_header":"","neve_meta_disable_footer":"","neve_meta_disable_title":"","pgc_sgb_lightbox_settings":"","footnotes":""},"class_list":["post-1335","page","type-page","status-publish","hentry"],"featured_image_urls":{"full":"","thumbnail":"","medium":"","medium_large":"","large":"","1536x1536":"","2048x2048":"","neve-blog":""},"post_excerpt_stackable":"<p>Reitclub Teiritzhof Willkommen im Reitclub Teiritzhof!Unser Reitverein bietet eine breite Palette von Reitm\u00f6glichkeiten f\u00fcr Reiter aller Altersgruppen und Erfahrungsstufen. Von Dressur bis Springreiten, von entspannten Ausritten bis hin zu aufregenden Turnieren \u2013 bei uns findest du die passende Aktivit\u00e4t, um deine Leidenschaft f\u00fcr Pferde zu leben.Doch bei uns geht es nicht nur um das Reiten allein. Wir sind eine lebendige Gemeinschaft, die sich auf und neben dem Reitplatz unterst\u00fctzt und austauscht. Unsere Mitglieder teilen nicht nur ihre Liebe zu Pferden, sondern auch gemeinsame Interessen und Erlebnisse bei vielf\u00e4ltigen Aktivit\u00e4ten und Veranstaltungen. Unsere engagierten Trainer stehen dir zur Seite, um deine&hellip;<\/p>\n","category_list":"","author_info":{"name":"24_teritzhof","url":"https:\/\/teritzhof.digbizmistelbach.info\/teiritzhof\/author\/24_teritzhof\/"},"comments_num":"0 comments","_links":{"self":[{"href":"https:\/\/teritzhof.digbizmistelbach.info\/teiritzhof\/wp-json\/wp\/v2\/pages\/1335","targetHints":{"allow":["GET"]}}],"collection":[{"href":"https:\/\/teritzhof.digbizmistelbach.info\/teiritzhof\/wp-json\/wp\/v2\/pages"}],"about":[{"href":"https:\/\/teritzhof.digbizmistelbach.info\/teiritzhof\/wp-json\/wp\/v2\/types\/page"}],"author":[{"embeddable":true,"href":"https:\/\/teritzhof.digbizmistelbach.info\/teiritzhof\/wp-json\/wp\/v2\/users\/1"}],"replies":[{"embeddable":true,"href":"https:\/\/teritzhof.digbizmistelbach.info\/teiritzhof\/wp-json\/wp\/v2\/comments?post=1335"}],"version-history":[{"count":18,"href":"https:\/\/teritzhof.digbizmistelbach.info\/teiritzhof\/wp-json\/wp\/v2\/pages\/1335\/revisions"}],"predecessor-version":[{"id":1376,"href":"https:\/\/teritzhof.digbizmistelbach.info\/teiritzhof\/wp-json\/wp\/v2\/pages\/1335\/revisions\/1376"}],"wp:attachment":[{"href":"https:\/\/teritzhof.digbizmistelbach.info\/teiritzhof\/wp-json\/wp\/v2\/media?parent=1335"}],"curies":[{"name":"wp","href":"https:\/\/api.w.org\/{rel}","templated":true}]}}