{"id":1222,"date":"2024-01-15T17:09:09","date_gmt":"2024-01-15T16:09:09","guid":{"rendered":"https:\/\/teritzhof.digbizmistelbach.info\/teiritzhof\/?page_id=1222"},"modified":"2024-01-23T10:19:06","modified_gmt":"2024-01-23T09:19:06","slug":"team","status":"publish","type":"page","link":"https:\/\/teritzhof.digbizmistelbach.info\/teiritzhof\/team\/","title":{"rendered":""},"content":{"rendered":"\n<div class=\"wp-block-stackable-columns stk-block-columns stk-block stk-e1f4011\" data-block-id=\"e1f4011\"><div class=\"stk-row stk-inner-blocks stk-block-content stk-content-align stk-e1f4011-column\">\n<div class=\"wp-block-stackable-column stk-block-column stk-column stk-block stk-6945d0f\" data-v=\"4\" data-block-id=\"6945d0f\"><div class=\"stk-column-wrapper stk-block-column__content stk-container stk-6945d0f-container stk--no-background stk--no-padding\"><div class=\"stk-block-content stk-inner-blocks stk-6945d0f-inner-blocks\">\n<div class=\"wp-block-group\"><div class=\"wp-block-group__inner-container is-layout-constrained wp-block-group-is-layout-constrained\">\n<div class=\"wp-block-columns are-vertically-aligned-center is-layout-flex wp-container-core-columns-is-layout-9d6595d7 wp-block-columns-is-layout-flex\">\n<div class=\"wp-block-column is-vertically-aligned-center is-layout-flow wp-block-column-is-layout-flow\" style=\"flex-basis:100%\"><\/div>\n<\/div>\n<\/div><\/div>\n<\/div><\/div><\/div>\n<\/div><\/div>\n\n\n\n<div class=\"wp-block-media-text is-stacked-on-mobile animated bounceInDown\" style=\"grid-template-columns:30% auto\"><figure class=\"wp-block-media-text__media\"><img loading=\"lazy\" decoding=\"async\" width=\"474\" height=\"494\" src=\"https:\/\/teritzhof.digbizmistelbach.info\/teiritzhof\/wp-content\/uploads\/2024\/01\/OIP-1.jpg\" alt=\"\" class=\"wp-image-1274 size-full\" srcset=\"https:\/\/teritzhof.digbizmistelbach.info\/teiritzhof\/wp-content\/uploads\/2024\/01\/OIP-1.jpg 474w, https:\/\/teritzhof.digbizmistelbach.info\/teiritzhof\/wp-content\/uploads\/2024\/01\/OIP-1-288x300.jpg 288w\" sizes=\"auto, (max-width: 474px) 100vw, 474px\" \/><\/figure><div class=\"wp-block-media-text__content\">\n<p class=\"has-large-font-size\" style=\"letter-spacing:10px;text-transform:uppercase\">Werner Magyer<\/p>\n<\/div><\/div>\n\n\n\n<div class=\"wp-block-media-text is-stacked-on-mobile animated bounceInDown\" style=\"grid-template-columns:35% auto\"><figure class=\"wp-block-media-text__media\"><img loading=\"lazy\" decoding=\"async\" width=\"474\" height=\"332\" src=\"https:\/\/teritzhof.digbizmistelbach.info\/teiritzhof\/wp-content\/uploads\/2024\/01\/OIP-2-1.jpg\" alt=\"\" class=\"wp-image-1278 size-full\" srcset=\"https:\/\/teritzhof.digbizmistelbach.info\/teiritzhof\/wp-content\/uploads\/2024\/01\/OIP-2-1.jpg 474w, https:\/\/teritzhof.digbizmistelbach.info\/teiritzhof\/wp-content\/uploads\/2024\/01\/OIP-2-1-300x210.jpg 300w\" sizes=\"auto, (max-width: 474px) 100vw, 474px\" \/><\/figure><div class=\"wp-block-media-text__content\">\n<p class=\"has-large-font-size\" style=\"letter-spacing:10px;text-transform:uppercase\">Pia Jacobs<\/p>\n\n\n\n<p class=\"has-medium-font-size\" style=\"letter-spacing:5px;text-transform:uppercase\">(Vereins Vorst\u00e4ndin)<\/p>\n<\/div><\/div>\n\n\n\n<div class=\"wp-block-stackable-image-box stk-block-image-box stk-hover-parent stk-block stk-b25a105 is-style-default\" data-block-id=\"b25a105\"><div class=\"stk-block-content stk-inner-blocks has-text-align-center stk-row stk-block-image-box__content\">\n<div class=\"wp-block-stackable-column stk-block-column stk-column stk-block stk-e00a15f\" data-v=\"4\" data-block-id=\"e00a15f\"><style>.stk-e00a15f{align-items:center !important;display:flex !important}<\/style><div class=\"stk-column-wrapper stk-block-column__content stk-container stk-e00a15f-container stk--no-background stk--no-padding\"><div class=\"stk-block-content stk-inner-blocks stk-e00a15f-inner-blocks\">\n<div class=\"wp-block-media-text is-stacked-on-mobile animated bounceInDown\" style=\"grid-template-columns:30% auto\"><figure class=\"wp-block-media-text__media\"><img loading=\"lazy\" decoding=\"async\" width=\"462\" height=\"462\" src=\"https:\/\/teritzhof.digbizmistelbach.info\/teiritzhof\/wp-content\/uploads\/2024\/01\/OIP.jpg\" alt=\"\" class=\"wp-image-1270 size-full\" srcset=\"https:\/\/teritzhof.digbizmistelbach.info\/teiritzhof\/wp-content\/uploads\/2024\/01\/OIP.jpg 462w, https:\/\/teritzhof.digbizmistelbach.info\/teiritzhof\/wp-content\/uploads\/2024\/01\/OIP-300x300.jpg 300w, https:\/\/teritzhof.digbizmistelbach.info\/teiritzhof\/wp-content\/uploads\/2024\/01\/OIP-150x150.jpg 150w\" sizes=\"auto, (max-width: 462px) 100vw, 462px\" \/><\/figure><div class=\"wp-block-media-text__content\">\n<p class=\"has-text-align-left has-large-font-size\" style=\"letter-spacing:10px;text-transform:uppercase\">Ian<\/p>\n\n\n\n<p class=\"has-text-align-left\">Ian ist ein sehr tierliebender Pferdepfleger. Zusammen mit Zoltan erledigt er sorgf\u00e4ltig die t\u00e4glich anfallenden Stallarbeiten.<\/p>\n<\/div><\/div>\n\n\n\n<div class=\"wp-block-media-text is-stacked-on-mobile animated bounceInDown\" style=\"grid-template-columns:30% auto\"><figure class=\"wp-block-media-text__media\"><img loading=\"lazy\" decoding=\"async\" width=\"462\" height=\"462\" src=\"https:\/\/teritzhof.digbizmistelbach.info\/teiritzhof\/wp-content\/uploads\/2024\/01\/OIP.jpg\" alt=\"\" class=\"wp-image-1270 size-full\" srcset=\"https:\/\/teritzhof.digbizmistelbach.info\/teiritzhof\/wp-content\/uploads\/2024\/01\/OIP.jpg 462w, https:\/\/teritzhof.digbizmistelbach.info\/teiritzhof\/wp-content\/uploads\/2024\/01\/OIP-300x300.jpg 300w, https:\/\/teritzhof.digbizmistelbach.info\/teiritzhof\/wp-content\/uploads\/2024\/01\/OIP-150x150.jpg 150w\" sizes=\"auto, (max-width: 462px) 100vw, 462px\" \/><\/figure><div class=\"wp-block-media-text__content\">\n<p class=\"has-text-align-left has-large-font-size\" style=\"letter-spacing:10px;text-transform:uppercase\">Zoltan<\/p>\n\n\n\n<p class=\"has-text-align-left\">Zoltan ist ein sehr erfahrener Pferdepfleger und ein grosser Gewinn f\u00fcr unser Team. Er k\u00fcmmert sich um die Pferde und deren F\u00fctterung und unterst\u00fctzt uns in s\u00e4mtlichen Angelegenheiten.<\/p>\n<\/div><\/div>\n<\/div><\/div><\/div>\n<\/div><\/div>\n","protected":false},"excerpt":{"rendered":"<p>Werner Magyer Pia Jacobs (Vereins Vorst\u00e4ndin) Ian Ian ist ein sehr tierliebender Pferdepfleger. Zusammen mit Zoltan erledigt er sorgf\u00e4ltig die t\u00e4glich anfallenden Stallarbeiten. Zoltan Zoltan ist ein sehr erfahrener Pferdepfleger und ein grosser Gewinn f\u00fcr unser Team. Er k\u00fcmmert sich um die Pferde und deren F\u00fctterung und unterst\u00fctzt uns in s\u00e4mtlichen Angelegenheiten.<\/p>\n","protected":false},"author":1,"featured_media":0,"parent":0,"menu_order":0,"comment_status":"closed","ping_status":"closed","template":"","meta":{"neve_meta_sidebar":"","neve_meta_container":"","neve_meta_enable_content_width":"","neve_meta_content_width":0,"neve_meta_title_alignment":"","neve_meta_author_avatar":"","neve_post_elements_order":"","neve_meta_disable_header":"","neve_meta_disable_footer":"","neve_meta_disable_title":"","pgc_sgb_lightbox_settings":"","footnotes":""},"class_list":["post-1222","page","type-page","status-publish","hentry"],"featured_image_urls":{"full":"","thumbnail":"","medium":"","medium_large":"","large":"","1536x1536":"","2048x2048":"","neve-blog":""},"post_excerpt_stackable":"<p>Werner Magyer Pia Jacobs (Vereins Vorst\u00e4ndin) Ian Ian ist ein sehr tierliebender Pferdepfleger. Zusammen mit Zoltan erledigt er sorgf\u00e4ltig die t\u00e4glich anfallenden Stallarbeiten. Zoltan Zoltan ist ein sehr erfahrener Pferdepfleger und ein grosser Gewinn f\u00fcr unser Team. Er k\u00fcmmert sich um die Pferde und deren F\u00fctterung und unterst\u00fctzt uns in s\u00e4mtlichen Angelegenheiten.<\/p>\n","category_list":"","author_info":{"name":"24_teritzhof","url":"https:\/\/teritzhof.digbizmistelbach.info\/teiritzhof\/author\/24_teritzhof\/"},"comments_num":"0 comments","_links":{"self":[{"href":"https:\/\/teritzhof.digbizmistelbach.info\/teiritzhof\/wp-json\/wp\/v2\/pages\/1222","targetHints":{"allow":["GET"]}}],"collection":[{"href":"https:\/\/teritzhof.digbizmistelbach.info\/teiritzhof\/wp-json\/wp\/v2\/pages"}],"about":[{"href":"https:\/\/teritzhof.digbizmistelbach.info\/teiritzhof\/wp-json\/wp\/v2\/types\/page"}],"author":[{"embeddable":true,"href":"https:\/\/teritzhof.digbizmistelbach.info\/teiritzhof\/wp-json\/wp\/v2\/users\/1"}],"replies":[{"embeddable":true,"href":"https:\/\/teritzhof.digbizmistelbach.info\/teiritzhof\/wp-json\/wp\/v2\/comments?post=1222"}],"version-history":[{"count":10,"href":"https:\/\/teritzhof.digbizmistelbach.info\/teiritzhof\/wp-json\/wp\/v2\/pages\/1222\/revisions"}],"predecessor-version":[{"id":1314,"href":"https:\/\/teritzhof.digbizmistelbach.info\/teiritzhof\/wp-json\/wp\/v2\/pages\/1222\/revisions\/1314"}],"wp:attachment":[{"href":"https:\/\/teritzhof.digbizmistelbach.info\/teiritzhof\/wp-json\/wp\/v2\/media?parent=1222"}],"curies":[{"name":"wp","href":"https:\/\/api.w.org\/{rel}","templated":true}]}}