{"id":1163,"date":"2024-01-15T13:42:47","date_gmt":"2024-01-15T12:42:47","guid":{"rendered":"https:\/\/teritzhof.digbizmistelbach.info\/teiritzhof\/?page_id=1163"},"modified":"2024-03-12T12:10:58","modified_gmt":"2024-03-12T11:10:58","slug":"anlage","status":"publish","type":"page","link":"https:\/\/teritzhof.digbizmistelbach.info\/teiritzhof\/anlage\/","title":{"rendered":""},"content":{"rendered":"\n<p><\/p>\n\n\n\n<div class=\"wp-block-media-text has-media-on-the-right is-stacked-on-mobile is-style-rounded animated fadeInLeft\" style=\"padding-top:0;padding-right:var(--wp--preset--spacing--60);padding-bottom:0;padding-left:var(--wp--preset--spacing--60)\"><div class=\"wp-block-media-text__content\">\n<p style=\"font-size:37px;letter-spacing:10px;text-transform:uppercase\">Stallungen<\/p>\n\n\n\n<p>Unser Stall bietet Platz f\u00fcr max. 35 Pferde.<br>Alle Boxen sind sehr hell, gross und mit einem Paddock ausgestattet.In allen Boxen und im gesamten Stall haben wir einen rutschfesten Gummibelag.<br>Zus\u00e4tzlich bieten wir einen Warmwasserwaschplatz, Solarium, gro\u00dfe Sattelkammern, Umkleider\u00e4ume mit separaten Garderobek\u00e4stchen, Dusche und WC<\/p>\n<\/div><figure class=\"wp-block-media-text__media\"><img loading=\"lazy\" decoding=\"async\" width=\"1024\" height=\"683\" src=\"https:\/\/teritzhof.digbizmistelbach.info\/teiritzhof\/wp-content\/uploads\/2024\/01\/1140950-1024x683.jpg\" alt=\"\" class=\"wp-image-1128 size-full\" srcset=\"https:\/\/teritzhof.digbizmistelbach.info\/teiritzhof\/wp-content\/uploads\/2024\/01\/1140950-1024x683.jpg 1024w, https:\/\/teritzhof.digbizmistelbach.info\/teiritzhof\/wp-content\/uploads\/2024\/01\/1140950-300x200.jpg 300w, https:\/\/teritzhof.digbizmistelbach.info\/teiritzhof\/wp-content\/uploads\/2024\/01\/1140950-768x512.jpg 768w, https:\/\/teritzhof.digbizmistelbach.info\/teiritzhof\/wp-content\/uploads\/2024\/01\/1140950-1536x1025.jpg 1536w, https:\/\/teritzhof.digbizmistelbach.info\/teiritzhof\/wp-content\/uploads\/2024\/01\/1140950-2048x1367.jpg 2048w, https:\/\/teritzhof.digbizmistelbach.info\/teiritzhof\/wp-content\/uploads\/2024\/01\/1140950-930x620.jpg 930w\" sizes=\"auto, (max-width: 1024px) 100vw, 1024px\" \/><\/figure><\/div>\n\n\n\n<div class=\"wp-block-media-text is-stacked-on-mobile animated fadeInRight\"><figure class=\"wp-block-media-text__media\"><img loading=\"lazy\" decoding=\"async\" width=\"1024\" height=\"576\" src=\"https:\/\/teritzhof.digbizmistelbach.info\/teiritzhof\/wp-content\/uploads\/2024\/01\/Best of\/Drohne\/DJI_0798-1024x576.jpg\" alt=\"\" class=\"wp-image-1193 size-full\" srcset=\"https:\/\/teritzhof.digbizmistelbach.info\/teiritzhof\/wp-content\/uploads\/2024\/01\/Best%20of\/Drohne\/DJI_0798-1024x576.jpg 1024w, https:\/\/teritzhof.digbizmistelbach.info\/teiritzhof\/wp-content\/uploads\/2024\/01\/Best%20of\/Drohne\/DJI_0798-300x169.jpg 300w, https:\/\/teritzhof.digbizmistelbach.info\/teiritzhof\/wp-content\/uploads\/2024\/01\/Best%20of\/Drohne\/DJI_0798-768x432.jpg 768w, https:\/\/teritzhof.digbizmistelbach.info\/teiritzhof\/wp-content\/uploads\/2024\/01\/Best%20of\/Drohne\/DJI_0798-1536x864.jpg 1536w, https:\/\/teritzhof.digbizmistelbach.info\/teiritzhof\/wp-content\/uploads\/2024\/01\/Best%20of\/Drohne\/DJI_0798-2048x1152.jpg 2048w\" sizes=\"auto, (max-width: 1024px) 100vw, 1024px\" \/><\/figure><div class=\"wp-block-media-text__content\">\n<p class=\"has-large-font-size\" style=\"letter-spacing:10px\">WEIDEN<\/p>\n\n\n\n<p>Wir legen grossen Wert auf das Wohlbefinden unserer Pferde. Deshalb bieten wir auf \u00fcber 6 Hektar Graskoppeln genug Auslauf und Entspannung das ganz Jahr \u00fcber an. Gro\u00dfe Sandpaddocks stehen als Alternative zur Verf\u00fcgung.<\/p>\n<\/div><\/div>\n\n\n\n<div class=\"wp-block-media-text has-media-on-the-right is-stacked-on-mobile animated fadeInLeft\"><div class=\"wp-block-media-text__content\">\n<p class=\"has-large-font-size\" style=\"letter-spacing:10px;text-transform:uppercase\">Reithalle<\/p>\n\n\n\n<p>Die 20 x 60 Meter grosse Reithalle ist lichtdurchflutet und mit einem erstklassigen Reitboden versehen.Durch die hochqualitative Musikanlage macht das Reiten noch mehr Spass!<\/p>\n<\/div><figure class=\"wp-block-media-text__media\"><img loading=\"lazy\" decoding=\"async\" width=\"1024\" height=\"683\" src=\"https:\/\/teritzhof.digbizmistelbach.info\/teiritzhof\/wp-content\/uploads\/2024\/01\/Anlage\/halle-1024x683.jpg\" alt=\"\" class=\"wp-image-1175 size-full\" srcset=\"https:\/\/teritzhof.digbizmistelbach.info\/teiritzhof\/wp-content\/uploads\/2024\/01\/Anlage\/halle-1024x683.jpg 1024w, https:\/\/teritzhof.digbizmistelbach.info\/teiritzhof\/wp-content\/uploads\/2024\/01\/Anlage\/halle-300x200.jpg 300w, https:\/\/teritzhof.digbizmistelbach.info\/teiritzhof\/wp-content\/uploads\/2024\/01\/Anlage\/halle-768x512.jpg 768w, https:\/\/teritzhof.digbizmistelbach.info\/teiritzhof\/wp-content\/uploads\/2024\/01\/Anlage\/halle-1536x1024.jpg 1536w, https:\/\/teritzhof.digbizmistelbach.info\/teiritzhof\/wp-content\/uploads\/2024\/01\/Anlage\/halle-930x620.jpg 930w, https:\/\/teritzhof.digbizmistelbach.info\/teiritzhof\/wp-content\/uploads\/2024\/01\/Anlage\/halle.jpg 1900w\" sizes=\"auto, (max-width: 1024px) 100vw, 1024px\" \/><\/figure><\/div>\n\n\n\n<div class=\"wp-block-media-text is-stacked-on-mobile animated fadeInRight\"><figure class=\"wp-block-media-text__media\"><img loading=\"lazy\" decoding=\"async\" width=\"1024\" height=\"683\" src=\"https:\/\/teritzhof.digbizmistelbach.info\/teiritzhof\/wp-content\/uploads\/2024\/01\/Anlage\/dressurplatz-20-x-60-meter-1024x683.jpg\" alt=\"\" class=\"wp-image-1173 size-full\" srcset=\"https:\/\/teritzhof.digbizmistelbach.info\/teiritzhof\/wp-content\/uploads\/2024\/01\/Anlage\/dressurplatz-20-x-60-meter-1024x683.jpg 1024w, https:\/\/teritzhof.digbizmistelbach.info\/teiritzhof\/wp-content\/uploads\/2024\/01\/Anlage\/dressurplatz-20-x-60-meter-300x200.jpg 300w, https:\/\/teritzhof.digbizmistelbach.info\/teiritzhof\/wp-content\/uploads\/2024\/01\/Anlage\/dressurplatz-20-x-60-meter-768x513.jpg 768w, https:\/\/teritzhof.digbizmistelbach.info\/teiritzhof\/wp-content\/uploads\/2024\/01\/Anlage\/dressurplatz-20-x-60-meter-1536x1025.jpg 1536w, https:\/\/teritzhof.digbizmistelbach.info\/teiritzhof\/wp-content\/uploads\/2024\/01\/Anlage\/dressurplatz-20-x-60-meter-930x620.jpg 930w, https:\/\/teritzhof.digbizmistelbach.info\/teiritzhof\/wp-content\/uploads\/2024\/01\/Anlage\/dressurplatz-20-x-60-meter.jpg 1900w\" sizes=\"auto, (max-width: 1024px) 100vw, 1024px\" \/><\/figure><div class=\"wp-block-media-text__content\">\n<p class=\"has-large-font-size\" style=\"letter-spacing:10px;text-transform:uppercase\">Dressurviereck<\/p>\n\n\n\n<p>Das gro\u00dfe Dressurviereck mit den Massen 20 x 60 Meter ist mit einer speziellen Trettschicht auf Otto-Matten angelegt und l\u00e4sst ein Reiten selbst nach langem und starken Regenfall zu.<\/p>\n<\/div><\/div>\n\n\n\n<div class=\"wp-block-media-text has-media-on-the-right is-stacked-on-mobile animated fadeInLeft\"><div class=\"wp-block-media-text__content\">\n<p class=\"has-large-font-size\" style=\"letter-spacing:10px;text-transform:uppercase\">Springplatz<\/p>\n\n\n\n<p>Der Springplatz hat ein Ausmass von 70 x 80 Meter, bietet einen kompletten Turnier bzw. Trainingsparcours mit neuwertigen Hindernissen, Wassergrabenplanen, Schmallspr\u00fcngen, Unterbauten etc. Mit dem Ripro \u201cCarpet\u201d, ein bestens durchdachter, federnder und gelenkschonender Reitboden bieten wir garantiert einen der besten Springpl\u00e4tze in \u00d6sterreich.<\/p>\n<\/div><figure class=\"wp-block-media-text__media\"><img loading=\"lazy\" decoding=\"async\" width=\"1024\" height=\"768\" src=\"https:\/\/teritzhof.digbizmistelbach.info\/teiritzhof\/wp-content\/uploads\/2024\/01\/Anlage\/DJI_0217-1024x768.jpg\" alt=\"\" class=\"wp-image-1261 size-full\" srcset=\"https:\/\/teritzhof.digbizmistelbach.info\/teiritzhof\/wp-content\/uploads\/2024\/01\/Anlage\/DJI_0217-1024x768.jpg 1024w, https:\/\/teritzhof.digbizmistelbach.info\/teiritzhof\/wp-content\/uploads\/2024\/01\/Anlage\/DJI_0217-300x225.jpg 300w, https:\/\/teritzhof.digbizmistelbach.info\/teiritzhof\/wp-content\/uploads\/2024\/01\/Anlage\/DJI_0217-768x576.jpg 768w, https:\/\/teritzhof.digbizmistelbach.info\/teiritzhof\/wp-content\/uploads\/2024\/01\/Anlage\/DJI_0217-1536x1152.jpg 1536w, https:\/\/teritzhof.digbizmistelbach.info\/teiritzhof\/wp-content\/uploads\/2024\/01\/Anlage\/DJI_0217-2048x1536.jpg 2048w\" sizes=\"auto, (max-width: 1024px) 100vw, 1024px\" \/><\/figure><\/div>\n\n\n\n<div class=\"wp-block-media-text is-stacked-on-mobile animated fadeInRight\"><figure class=\"wp-block-media-text__media\"><img loading=\"lazy\" decoding=\"async\" width=\"1024\" height=\"683\" src=\"https:\/\/teritzhof.digbizmistelbach.info\/teiritzhof\/wp-content\/uploads\/2024\/01\/Best of\/_1140961-1024x683.jpg\" alt=\"\" class=\"wp-image-1194 size-full\" srcset=\"https:\/\/teritzhof.digbizmistelbach.info\/teiritzhof\/wp-content\/uploads\/2024\/01\/Best%20of\/_1140961-1024x683.jpg 1024w, https:\/\/teritzhof.digbizmistelbach.info\/teiritzhof\/wp-content\/uploads\/2024\/01\/Best%20of\/_1140961-300x200.jpg 300w, https:\/\/teritzhof.digbizmistelbach.info\/teiritzhof\/wp-content\/uploads\/2024\/01\/Best%20of\/_1140961-768x512.jpg 768w, https:\/\/teritzhof.digbizmistelbach.info\/teiritzhof\/wp-content\/uploads\/2024\/01\/Best%20of\/_1140961-1536x1025.jpg 1536w, https:\/\/teritzhof.digbizmistelbach.info\/teiritzhof\/wp-content\/uploads\/2024\/01\/Best%20of\/_1140961-2048x1367.jpg 2048w, https:\/\/teritzhof.digbizmistelbach.info\/teiritzhof\/wp-content\/uploads\/2024\/01\/Best%20of\/_1140961-930x620.jpg 930w\" sizes=\"auto, (max-width: 1024px) 100vw, 1024px\" \/><\/figure><div class=\"wp-block-media-text__content\">\n<p class=\"has-medium-font-size\" style=\"letter-spacing:7px;text-transform:uppercase\">Schrittmaschine &amp; Longierhalle<\/p>\n\n\n\n<p>Die extragrosse Freif\u00fchranlage mit einem Durchmesser von 24 Metern bietet Platz f\u00fcr 6 Pferde. Durch das waldboden\u00e4hnliche Gel\u00e4uf ist das Gehen in der F\u00fchrmaschine besonders gelenksfreundlich und angenehm f\u00fcr die Pferde.<\/p>\n\n\n\n<p>Der Innenraum der Anlage wird als Longierhalle ben\u00fctzt.<\/p>\n<\/div><\/div>\n\n\n\n<div class=\"wp-block-media-text has-media-on-the-right is-stacked-on-mobile animated fadeInLeft\"><div class=\"wp-block-media-text__content\">\n<p class=\"has-large-font-size\" style=\"letter-spacing:10px;text-transform:uppercase\">Laufband<\/p>\n\n\n\n<p>Zum gezielten Muskelaufbau vor allem auf R\u00fccken und Hinterhand, Verbesserung der Kondition und Kraft, Steiergung der sportlichen Leistung und zur kontrollierten Bewegung des Pferdes nach Verletzungen oder bei Rekonvaleszenz. Durch verstellbare H\u00f6hen kann das Pferd \u2018bergauf\u2019 trainiert werden.<\/p>\n<\/div><figure class=\"wp-block-media-text__media\"><img loading=\"lazy\" decoding=\"async\" width=\"502\" height=\"295\" src=\"https:\/\/teritzhof.digbizmistelbach.info\/teiritzhof\/wp-content\/uploads\/2024\/01\/Anlage\/laufband.jpg\" alt=\"\" class=\"wp-image-1176 size-full\" srcset=\"https:\/\/teritzhof.digbizmistelbach.info\/teiritzhof\/wp-content\/uploads\/2024\/01\/Anlage\/laufband.jpg 502w, https:\/\/teritzhof.digbizmistelbach.info\/teiritzhof\/wp-content\/uploads\/2024\/01\/Anlage\/laufband-300x176.jpg 300w\" sizes=\"auto, (max-width: 502px) 100vw, 502px\" \/><\/figure><\/div>\n\n\n\n<div class=\"wp-block-media-text is-stacked-on-mobile animated fadeInRight\"><figure class=\"wp-block-media-text__media\"><img loading=\"lazy\" decoding=\"async\" width=\"1024\" height=\"768\" src=\"https:\/\/teritzhof.digbizmistelbach.info\/teiritzhof\/wp-content\/uploads\/2024\/01\/Anlage\/vorplatzgrillplatz-stueberl-1024x768.jpg\" alt=\"\" class=\"wp-image-1181 size-full\" srcset=\"https:\/\/teritzhof.digbizmistelbach.info\/teiritzhof\/wp-content\/uploads\/2024\/01\/Anlage\/vorplatzgrillplatz-stueberl-1024x768.jpg 1024w, https:\/\/teritzhof.digbizmistelbach.info\/teiritzhof\/wp-content\/uploads\/2024\/01\/Anlage\/vorplatzgrillplatz-stueberl-300x225.jpg 300w, https:\/\/teritzhof.digbizmistelbach.info\/teiritzhof\/wp-content\/uploads\/2024\/01\/Anlage\/vorplatzgrillplatz-stueberl-768x576.jpg 768w, https:\/\/teritzhof.digbizmistelbach.info\/teiritzhof\/wp-content\/uploads\/2024\/01\/Anlage\/vorplatzgrillplatz-stueberl-1536x1152.jpg 1536w, https:\/\/teritzhof.digbizmistelbach.info\/teiritzhof\/wp-content\/uploads\/2024\/01\/Anlage\/vorplatzgrillplatz-stueberl.jpg 1900w\" sizes=\"auto, (max-width: 1024px) 100vw, 1024px\" \/><\/figure><div class=\"wp-block-media-text__content\">\n<p><\/p>\n\n\n\n<p class=\"has-large-font-size\" style=\"letter-spacing:10px;text-transform:uppercase\">St\u00fcberl<\/p>\n\n\n\n<p>Sehr gem\u00fctliches, im Winter beheiztes Reiterst\u00fcberl mit direktem Blick in die Reithalle und gro\u00dfer Terrasse. Im Sommer veranstalten wir regelm\u00e4\u00dfig Grillabende, im Winter eine stimmungsvolle Weihnachtsfeier und auch sonst trifft man sich gerne das ganze Jahr \u00fcber im St\u00fcberl oder auf der gro\u00dfz\u00fcgigen Terrasse. F\u00fcr Clubmitglieder stehen Getr\u00e4nke und Kaffee gratis zur Verf\u00fcgung!<\/p>\n\n\n\n<p>Selbstverst\u00e4ndlich bieten wir unseren Einstellern eine saubere Umkleidem\u00f6glichkeit bzw. Garderobe an, die mit abschliessbaren Spinden und einem seperaten Duschraum versehen ist.<\/p>\n<\/div><\/div>\n","protected":false},"excerpt":{"rendered":"<p>Stallungen Unser Stall bietet Platz f\u00fcr max. 35 Pferde.Alle Boxen sind sehr hell, gross und mit einem Paddock ausgestattet.In allen Boxen und im gesamten Stall haben wir einen rutschfesten Gummibelag.Zus\u00e4tzlich bieten wir einen Warmwasserwaschplatz, Solarium, gro\u00dfe Sattelkammern, Umkleider\u00e4ume mit separaten Garderobek\u00e4stchen, Dusche und WC WEIDEN Wir legen grossen Wert auf das Wohlbefinden unserer Pferde. Deshalb&hellip;&nbsp;<a href=\"https:\/\/teritzhof.digbizmistelbach.info\/teiritzhof\/anlage\/\" class=\"\" rel=\"bookmark\">Weiterlesen &raquo;<span class=\"screen-reader-text\"><\/span><\/a><\/p>\n","protected":false},"author":1,"featured_media":0,"parent":0,"menu_order":0,"comment_status":"closed","ping_status":"closed","template":"","meta":{"neve_meta_sidebar":"","neve_meta_container":"","neve_meta_enable_content_width":"","neve_meta_content_width":0,"neve_meta_title_alignment":"","neve_meta_author_avatar":"","neve_post_elements_order":"","neve_meta_disable_header":"","neve_meta_disable_footer":"","neve_meta_disable_title":"","pgc_sgb_lightbox_settings":"","footnotes":""},"class_list":["post-1163","page","type-page","status-publish","hentry"],"featured_image_urls":{"full":"","thumbnail":"","medium":"","medium_large":"","large":"","1536x1536":"","2048x2048":"","neve-blog":""},"post_excerpt_stackable":"<p>Stallungen Unser Stall bietet Platz f\u00fcr max. 35 Pferde.Alle Boxen sind sehr hell, gross und mit einem Paddock ausgestattet.In allen Boxen und im gesamten Stall haben wir einen rutschfesten Gummibelag.Zus\u00e4tzlich bieten wir einen Warmwasserwaschplatz, Solarium, gro\u00dfe Sattelkammern, Umkleider\u00e4ume mit separaten Garderobek\u00e4stchen, Dusche und WC WEIDEN Wir legen grossen Wert auf das Wohlbefinden unserer Pferde. Deshalb bieten wir auf \u00fcber 6 Hektar Graskoppeln genug Auslauf und Entspannung das ganz Jahr \u00fcber an. Gro\u00dfe Sandpaddocks stehen als Alternative zur Verf\u00fcgung. Reithalle Die 20 x 60 Meter grosse Reithalle ist lichtdurchflutet und mit einem erstklassigen Reitboden versehen.Durch die hochqualitative Musikanlage macht das Reiten&hellip;<\/p>\n","category_list":"","author_info":{"name":"24_teritzhof","url":"https:\/\/teritzhof.digbizmistelbach.info\/teiritzhof\/author\/24_teritzhof\/"},"comments_num":"0 comments","_links":{"self":[{"href":"https:\/\/teritzhof.digbizmistelbach.info\/teiritzhof\/wp-json\/wp\/v2\/pages\/1163","targetHints":{"allow":["GET"]}}],"collection":[{"href":"https:\/\/teritzhof.digbizmistelbach.info\/teiritzhof\/wp-json\/wp\/v2\/pages"}],"about":[{"href":"https:\/\/teritzhof.digbizmistelbach.info\/teiritzhof\/wp-json\/wp\/v2\/types\/page"}],"author":[{"embeddable":true,"href":"https:\/\/teritzhof.digbizmistelbach.info\/teiritzhof\/wp-json\/wp\/v2\/users\/1"}],"replies":[{"embeddable":true,"href":"https:\/\/teritzhof.digbizmistelbach.info\/teiritzhof\/wp-json\/wp\/v2\/comments?post=1163"}],"version-history":[{"count":14,"href":"https:\/\/teritzhof.digbizmistelbach.info\/teiritzhof\/wp-json\/wp\/v2\/pages\/1163\/revisions"}],"predecessor-version":[{"id":1302,"href":"https:\/\/teritzhof.digbizmistelbach.info\/teiritzhof\/wp-json\/wp\/v2\/pages\/1163\/revisions\/1302"}],"wp:attachment":[{"href":"https:\/\/teritzhof.digbizmistelbach.info\/teiritzhof\/wp-json\/wp\/v2\/media?parent=1163"}],"curies":[{"name":"wp","href":"https:\/\/api.w.org\/{rel}","templated":true}]}}